{"id":515,"date":"2016-03-22T12:04:47","date_gmt":"2016-03-22T11:04:47","guid":{"rendered":"http:\/\/www.ssv-oftersheim.de\/?page_id=515"},"modified":"2026-04-11T02:14:58","modified_gmt":"2026-04-11T00:14:58","slug":"anmeldung-zur-ortsmeisterschaft","status":"publish","type":"page","link":"https:\/\/wp.ssv-oftersheim.de\/?page_id=515","title":{"rendered":"Veranstaltungen"},"content":{"rendered":"<p>Einladung zur Ortsmeisterschaft 2026<\/p>\n<p>Sehr geehrte Damen und Herren,<\/p>\n<p>nach dem Ostereierschie\u00dfen ist vor der Ortsmeisterschaft.<br \/>\nDie Ausschreibung und den Anmeldebogen finden Sie hier auf unserer Homepage. Damit wir uns fr\u00fchzeitig einen \u00dcberblick \u00fcber die Starter verschaffen k\u00f6nnen, bitten wir Sie, den Anmeldebogen bis sp\u00e4testens 09. Mai an uns zur\u00fcckzuschicken. B\u00fcrger, die sich nicht im Voraus anmelden k\u00f6nnen, m\u00fcssen sich am Schie\u00dftag bis sp\u00e4testen 14:00 Uhr auf dem KK-Stand einfinden.<br \/>\nWir weisen darauf hin, dass auch Unge\u00fcbte ohne Probleme an der Meisterschaft teilnehmen k\u00f6nnen, da sie von unseren erfahrenen Sch\u00fctzen sorgf\u00e4ltig angeleitet werden. Wie in den letzten Jahren kann im liegenden oder sitzenden Anschlag geschossen werden.<br \/>\nWir freuen uns, wenn Sie von unserer Einladung regen Gebrauch machen und hoffen, Sie auf unserer Anlage begr\u00fc\u00dfen zu d\u00fcrfen.<\/p>\n<p>Mit freundlichen Gr\u00fc\u00dfen<br \/>\nDie Vorstandschaft<\/p>\n<p>&nbsp;<\/p>\n<p><a href=\"https:\/\/www.ssv-oftersheim.de\/wp-content\/uploads\/2026\/04\/2026-OM-Anmeldebogen.pdf\">2026-OM-Anmeldebogen<\/a><\/p>\n<p><a href=\"https:\/\/www.ssv-oftersheim.de\/wp-content\/uploads\/2026\/04\/2026-OM-Anmeldebogen.pdf\">2026-OM-Anmeldebogen<\/a><\/p>\n","protected":false},"excerpt":{"rendered":"<p>Einladung zur Ortsmeisterschaft 2026 Sehr geehrte Damen und Herren, nach dem Ostereierschie\u00dfen ist vor der Ortsmeisterschaft. Die Ausschreibung und den Anmeldebogen finden Sie hier auf unserer Homepage. Damit wir uns fr\u00fchzeitig einen \u00dcberblick \u00fcber die Starter verschaffen k\u00f6nnen, bitten wir &hellip; <a href=\"https:\/\/wp.ssv-oftersheim.de\/?page_id=515\">Weiterlesen <span class=\"meta-nav\">&rarr;<\/span><\/a><\/p>\n","protected":false},"author":3,"featured_media":0,"parent":0,"menu_order":0,"comment_status":"closed","ping_status":"open","template":"","meta":{"footnotes":""},"class_list":["post-515","page","type-page","status-publish","hentry"],"_links":{"self":[{"href":"https:\/\/wp.ssv-oftersheim.de\/index.php?rest_route=\/wp\/v2\/pages\/515","targetHints":{"allow":["GET"]}}],"collection":[{"href":"https:\/\/wp.ssv-oftersheim.de\/index.php?rest_route=\/wp\/v2\/pages"}],"about":[{"href":"https:\/\/wp.ssv-oftersheim.de\/index.php?rest_route=\/wp\/v2\/types\/page"}],"author":[{"embeddable":true,"href":"https:\/\/wp.ssv-oftersheim.de\/index.php?rest_route=\/wp\/v2\/users\/3"}],"replies":[{"embeddable":true,"href":"https:\/\/wp.ssv-oftersheim.de\/index.php?rest_route=%2Fwp%2Fv2%2Fcomments&post=515"}],"version-history":[{"count":13,"href":"https:\/\/wp.ssv-oftersheim.de\/index.php?rest_route=\/wp\/v2\/pages\/515\/revisions"}],"predecessor-version":[{"id":1949,"href":"https:\/\/wp.ssv-oftersheim.de\/index.php?rest_route=\/wp\/v2\/pages\/515\/revisions\/1949"}],"wp:attachment":[{"href":"https:\/\/wp.ssv-oftersheim.de\/index.php?rest_route=%2Fwp%2Fv2%2Fmedia&parent=515"}],"curies":[{"name":"wp","href":"https:\/\/api.w.org\/{rel}","templated":true}]}}